{"id":1103,"date":"2021-05-07T14:56:56","date_gmt":"2021-05-07T12:56:56","guid":{"rendered":"https:\/\/metarom.eu\/accueil\/"},"modified":"2025-05-22T12:37:25","modified_gmt":"2025-05-22T10:37:25","slug":"willkommen","status":"publish","type":"page","link":"https:\/\/metarom.eu\/de\/","title":{"rendered":"Willkommen"},"content":{"rendered":"","protected":false},"excerpt":{"rendered":"","protected":false},"author":1,"featured_media":0,"parent":0,"menu_order":12,"comment_status":"closed","ping_status":"closed","template":"front-page.php","meta":{"_acf_changed":false,"content-type":"","inline_featured_image":false,"footnotes":""},"class_list":["post-1103","page","type-page","status-publish","hentry"],"acf":[],"yoast_head":"<!-- This site is optimized with the Yoast SEO plugin v26.9 - https:\/\/yoast.com\/product\/yoast-seo-wordpress\/ -->\n<title>Willkommen - Metarom<\/title>\n<meta name=\"description\" content=\"Metarom, seit \u00fcber 60 Jahren Entwickler und Spezialist f\u00fcr Aromal\u00f6sungen mit einzigartigem Geschmack und Feinschmecker-Karamell.\" \/>\n<meta name=\"robots\" content=\"index, follow, max-snippet:-1, max-image-preview:large, max-video-preview:-1\" \/>\n<link rel=\"canonical\" href=\"https:\/\/metarom.eu\/de\/\" \/>\n<meta property=\"og:locale\" content=\"de_DE\" \/>\n<meta property=\"og:type\" content=\"article\" \/>\n<meta property=\"og:title\" content=\"Willkommen - Metarom\" \/>\n<meta property=\"og:description\" content=\"Metarom, seit \u00fcber 60 Jahren Entwickler und Spezialist f\u00fcr Aromal\u00f6sungen mit einzigartigem Geschmack und Feinschmecker-Karamell.\" \/>\n<meta property=\"og:url\" content=\"https:\/\/metarom.eu\/de\/\" \/>\n<meta property=\"og:site_name\" content=\"Metarom\" \/>\n<meta property=\"article:modified_time\" content=\"2025-05-22T10:37:25+00:00\" \/>\n<meta property=\"og:image\" content=\"https:\/\/metarom.eu\/wp-content\/uploads\/2021\/06\/metarom-fr.jpeg\" \/>\n\t<meta property=\"og:image:width\" content=\"1772\" \/>\n\t<meta property=\"og:image:height\" content=\"1181\" \/>\n\t<meta property=\"og:image:type\" content=\"image\/jpeg\" \/>\n<meta name=\"twitter:card\" content=\"summary_large_image\" \/>\n<script type=\"application\/ld+json\" class=\"yoast-schema-graph\">{\"@context\":\"https:\/\/schema.org\",\"@graph\":[{\"@type\":\"WebPage\",\"@id\":\"https:\/\/metarom.eu\/de\/\",\"url\":\"https:\/\/metarom.eu\/de\/\",\"name\":\"Willkommen - Metarom\",\"isPartOf\":{\"@id\":\"https:\/\/metarom.eu\/de\/#website\"},\"datePublished\":\"2021-05-07T12:56:56+00:00\",\"dateModified\":\"2025-05-22T10:37:25+00:00\",\"description\":\"Metarom, seit \u00fcber 60 Jahren Entwickler und Spezialist f\u00fcr Aromal\u00f6sungen mit einzigartigem Geschmack und Feinschmecker-Karamell.\",\"breadcrumb\":{\"@id\":\"https:\/\/metarom.eu\/de\/#breadcrumb\"},\"inLanguage\":\"de\",\"potentialAction\":[{\"@type\":\"ReadAction\",\"target\":[\"https:\/\/metarom.eu\/de\/\"]}]},{\"@type\":\"BreadcrumbList\",\"@id\":\"https:\/\/metarom.eu\/de\/#breadcrumb\",\"itemListElement\":[{\"@type\":\"ListItem\",\"position\":1,\"name\":\"Accueil\",\"item\":\"https:\/\/metarom.eu\/de\/\"},{\"@type\":\"ListItem\",\"position\":2,\"name\":\"Willkommen\"}]},{\"@type\":\"WebSite\",\"@id\":\"https:\/\/metarom.eu\/de\/#website\",\"url\":\"https:\/\/metarom.eu\/de\/\",\"name\":\"Metarom\",\"description\":\"Ar\u00f4mes et caramels\",\"publisher\":{\"@id\":\"https:\/\/metarom.eu\/de\/#organization\"},\"potentialAction\":[{\"@type\":\"SearchAction\",\"target\":{\"@type\":\"EntryPoint\",\"urlTemplate\":\"https:\/\/metarom.eu\/de\/?s={search_term_string}\"},\"query-input\":{\"@type\":\"PropertyValueSpecification\",\"valueRequired\":true,\"valueName\":\"search_term_string\"}}],\"inLanguage\":\"de\"},{\"@type\":\"Organization\",\"@id\":\"https:\/\/metarom.eu\/de\/#organization\",\"name\":\"Metarom\",\"url\":\"https:\/\/metarom.eu\/de\/\",\"logo\":{\"@type\":\"ImageObject\",\"inLanguage\":\"de\",\"@id\":\"https:\/\/metarom.eu\/de\/#\/schema\/logo\/image\/\",\"url\":\"https:\/\/metarom.eu\/wp-content\/uploads\/2021\/06\/metarom-fr.jpeg\",\"contentUrl\":\"https:\/\/metarom.eu\/wp-content\/uploads\/2021\/06\/metarom-fr.jpeg\",\"width\":1772,\"height\":1181,\"caption\":\"Metarom\"},\"image\":{\"@id\":\"https:\/\/metarom.eu\/de\/#\/schema\/logo\/image\/\"},\"sameAs\":[\"https:\/\/fr.linkedin.com\/company\/metarom-france\"]}]}<\/script>\n<!-- \/ Yoast SEO plugin. -->","yoast_head_json":{"title":"Willkommen - Metarom","description":"Metarom, seit \u00fcber 60 Jahren Entwickler und Spezialist f\u00fcr Aromal\u00f6sungen mit einzigartigem Geschmack und Feinschmecker-Karamell.","robots":{"index":"index","follow":"follow","max-snippet":"max-snippet:-1","max-image-preview":"max-image-preview:large","max-video-preview":"max-video-preview:-1"},"canonical":"https:\/\/metarom.eu\/de\/","og_locale":"de_DE","og_type":"article","og_title":"Willkommen - Metarom","og_description":"Metarom, seit \u00fcber 60 Jahren Entwickler und Spezialist f\u00fcr Aromal\u00f6sungen mit einzigartigem Geschmack und Feinschmecker-Karamell.","og_url":"https:\/\/metarom.eu\/de\/","og_site_name":"Metarom","article_modified_time":"2025-05-22T10:37:25+00:00","og_image":[{"width":1772,"height":1181,"url":"https:\/\/metarom.eu\/wp-content\/uploads\/2021\/06\/metarom-fr.jpeg","type":"image\/jpeg"}],"twitter_card":"summary_large_image","schema":{"@context":"https:\/\/schema.org","@graph":[{"@type":"WebPage","@id":"https:\/\/metarom.eu\/de\/","url":"https:\/\/metarom.eu\/de\/","name":"Willkommen - Metarom","isPartOf":{"@id":"https:\/\/metarom.eu\/de\/#website"},"datePublished":"2021-05-07T12:56:56+00:00","dateModified":"2025-05-22T10:37:25+00:00","description":"Metarom, seit \u00fcber 60 Jahren Entwickler und Spezialist f\u00fcr Aromal\u00f6sungen mit einzigartigem Geschmack und Feinschmecker-Karamell.","breadcrumb":{"@id":"https:\/\/metarom.eu\/de\/#breadcrumb"},"inLanguage":"de","potentialAction":[{"@type":"ReadAction","target":["https:\/\/metarom.eu\/de\/"]}]},{"@type":"BreadcrumbList","@id":"https:\/\/metarom.eu\/de\/#breadcrumb","itemListElement":[{"@type":"ListItem","position":1,"name":"Accueil","item":"https:\/\/metarom.eu\/de\/"},{"@type":"ListItem","position":2,"name":"Willkommen"}]},{"@type":"WebSite","@id":"https:\/\/metarom.eu\/de\/#website","url":"https:\/\/metarom.eu\/de\/","name":"Metarom","description":"Ar\u00f4mes et caramels","publisher":{"@id":"https:\/\/metarom.eu\/de\/#organization"},"potentialAction":[{"@type":"SearchAction","target":{"@type":"EntryPoint","urlTemplate":"https:\/\/metarom.eu\/de\/?s={search_term_string}"},"query-input":{"@type":"PropertyValueSpecification","valueRequired":true,"valueName":"search_term_string"}}],"inLanguage":"de"},{"@type":"Organization","@id":"https:\/\/metarom.eu\/de\/#organization","name":"Metarom","url":"https:\/\/metarom.eu\/de\/","logo":{"@type":"ImageObject","inLanguage":"de","@id":"https:\/\/metarom.eu\/de\/#\/schema\/logo\/image\/","url":"https:\/\/metarom.eu\/wp-content\/uploads\/2021\/06\/metarom-fr.jpeg","contentUrl":"https:\/\/metarom.eu\/wp-content\/uploads\/2021\/06\/metarom-fr.jpeg","width":1772,"height":1181,"caption":"Metarom"},"image":{"@id":"https:\/\/metarom.eu\/de\/#\/schema\/logo\/image\/"},"sameAs":["https:\/\/fr.linkedin.com\/company\/metarom-france"]}]}},"_links":{"self":[{"href":"https:\/\/metarom.eu\/de\/wp-json\/wp\/v2\/pages\/1103","targetHints":{"allow":["GET"]}}],"collection":[{"href":"https:\/\/metarom.eu\/de\/wp-json\/wp\/v2\/pages"}],"about":[{"href":"https:\/\/metarom.eu\/de\/wp-json\/wp\/v2\/types\/page"}],"author":[{"embeddable":true,"href":"https:\/\/metarom.eu\/de\/wp-json\/wp\/v2\/users\/1"}],"replies":[{"embeddable":true,"href":"https:\/\/metarom.eu\/de\/wp-json\/wp\/v2\/comments?post=1103"}],"version-history":[{"count":17,"href":"https:\/\/metarom.eu\/de\/wp-json\/wp\/v2\/pages\/1103\/revisions"}],"predecessor-version":[{"id":7304,"href":"https:\/\/metarom.eu\/de\/wp-json\/wp\/v2\/pages\/1103\/revisions\/7304"}],"wp:attachment":[{"href":"https:\/\/metarom.eu\/de\/wp-json\/wp\/v2\/media?parent=1103"}],"curies":[{"name":"wp","href":"https:\/\/api.w.org\/{rel}","templated":true}]}}