{"id":1125,"date":"2021-05-07T14:56:35","date_gmt":"2021-05-07T12:56:35","guid":{"rendered":"https:\/\/metarom.eu\/politique-de-confidentialite\/"},"modified":"2021-07-27T18:03:25","modified_gmt":"2021-07-27T16:03:25","slug":"cgu","status":"publish","type":"page","link":"https:\/\/metarom.eu\/de\/cgu\/","title":{"rendered":"Allgemeine Nutzungsbedingungen"},"content":{"rendered":"<p>Letzte Aktualisierung: 12. Juli 2021<\/p>\n<h2>ARTIKEL 1: Gegenstand<\/h2>\n<p>Die vorliegenden \u201eAllgemeinen Nutzungsbedingungen\u201c bilden den rechtlichen Rahmen f\u00fcr die Modalit\u00e4ten der Bereitstellung der Dienstleistungen der Website www.metarom.eu und ihre Nutzung durch den \u201eBenutzer\u201c. Die allgemeinen Nutzungsbedingungen stellen einen Vertrag zwischen der Website und dem Benutzer dar. Der Zugriff auf die Website durch den Benutzer kommt seinem Einverst\u00e4ndnis mit den vorliegenden allgemeinen Nutzungsbedingungen gleich.<\/p>\n<h2>ARTIKEL 2: Impressum<\/h2>\n<p>Herausgabe und Hosting der Website www.metarom.eu erfolgen durch das Unternehmen Metarom France SAS, eine vereinfachte Aktiengesellschaft mit einem Kapital von 4.947.990 \u20ac, gesch\u00e4ftsans\u00e4ssig 3 avenue de l\u2019\u00e9toile du Sud \u2013 P\u00f4le Jules Verne \u2013 80440 BOVES \u2013 Frankreich. Publikationsleiter ist Herr Jean-Lo\u00efc METAYER Tel.: +33 322 388 600 \u2013 E-Mail: contact@metarom.fr \u2013 SIRET \u2013 METAROM France 315 384 552 00081<\/p>\n<h2>ARTIKEL 3: Begriffsbestimmungen<\/h2>\n<p>Die vorliegende Klausel dient der Definition der verschiedenen Grundbegriffe des Vertrags: Benutzer: Dieser Begriff bezeichnet jede Person, die die Website oder einen der \u00fcber die Website angebotenen Dienste nutzt. Benutzerinhalt: Hierbei handelt es sich um die vom Benutzer auf der Seite \u00fcbertragenen Daten.<\/p>\n<h2>ARTIKEL 4: Zugang zu den Diensten<\/h2>\n<p>Die Website erm\u00f6glicht dem Benutzer einen kostenfreien Zugang zu folgenden Diensten:<br \/>\n[Pr\u00e4sentation unseres Unternehmens]; [Artikel mit Informationen \u00fcber unsere T\u00e4tigkeitsfelder, unsere Arbeitsweise und unsere M\u00e4rkte]; [Stellenangebote]; [Projektaufbau]; [Anmeldung zu den Marktbriefen (Lettres March\u00e9)].<br \/>\nDie Website ist von jedem Ort aus, an dem der Benutzer Internetzugang hat, zug\u00e4nglich. Alle Kosten, die dem Benutzer in Zusammenhang mit dem Zugriff auf den Dienst entstehen (IT-Hardware, Softwareprogramme, Internetverbindung, usw.) gehen zu seinen Lasten. Die Website nutzt alle ihr zur Verf\u00fcgung stehenden M\u00f6glichkeiten, um einen qualitativ hochwertigen Zugang zu ihren Diensten sicherzustellen. Da es sich um eine Handlungspflicht handelt, verpflichtet sich die Website nicht dazu, dieses Ergebnis zu erreichen. Ein durch einen Fall H\u00f6herer Gewalt bedingtes Ereignis, das eine St\u00f6rung des Netzes oder des Servers zur Folge hat, l\u00f6st nicht die Haftung von Metarom France aus. Der Zugang zu den Diensten der Website kann jederzeit ohne Vorank\u00fcndigung zu Wartungszwecken oder aus anderen Gr\u00fcnden unterbrochen, ausgesetzt oder ge\u00e4ndert werden. Der Benutzer verpflichtet sich, darauf zu verzichten, wegen einer Unterbrechung, Aussetzung oder \u00c4nderung des vorliegenden Dienstes eine Entsch\u00e4digung zu fordern.<\/p>\n<h2>ARTIKEL 5: Geistiges Eigentum<\/h2>\n<p>Marken, Logos, Zeichen und alle anderen Inhalte der Website sind durch das Gesetz \u00fcber das Geistige Eigentum und besonders durch das Urheberrecht gesch\u00fctzt. Der Benutzer holt f\u00fcr jede Wiedergabe, Ver\u00f6ffentlichung oder Kopie der verschiedenen Inhalte im Vorfeld eine Genehmigung der Website ein. Der Benutzer verpflichtet sich, die Inhalte der Website ausschlie\u00dflich zu privaten Zwecken zu nutzen. Eine Nutzung der Inhalte zu kommerziellen Zwecken ist streng untersagt. Jeder vom Benutzer ins Netz gestellte Inhalt unterliegt seiner alleinigen Verantwortung. Der Benutzer verpflichtet sich, keine Inhalte einzustellen, die die Interessen Dritter verletzen k\u00f6nnten. Jede Befassung des Gerichts durch einen gesch\u00e4digten Dritten zulasten der Website ist vom Benutzer zu verantworten. Der Benutzerinhalt kann jederzeit und aus jedem beliebigen Grund von der Website gel\u00f6scht oder ge\u00e4ndert werden. Dem Benutzer wird vor der L\u00f6schung oder \u00c4nderung des Benutzerinhalts keine Begr\u00fcndung oder Benachrichtigung \u00fcbermittelt.<\/p>\n<h2>ARTIKEL 6: Personenbezogene Daten<\/h2>\n<p>Folgende personenbezogenen Daten k\u00f6nnen auf der Website erhoben werden:<\/p>\n<ul>\n<li>Einwahl auf die Website: Bei dieser Gelegenheit werden vor allem Ihr Verbindung-, Navigations- oder Lokalisierungsdaten gespeichert.<\/li>\n<li>\u201eKontakt\u201c-Formular: Hier werden obligatorisch Ihr Name, Vorname, Ihr Unternehmen, Ihre Funktion, Ihre E-Mail-Adresse, Ihr Land, Ihre Telefonnummer und Ihre Nachricht gespeichert<\/li>\n<li>Formular \u201eUnser Hilfsmittel anfordern\u201c: g\u00fcltig auf mehreren Seiten im Men\u00fc \u201eAromal\u00f6sungen\u201c: Hier werden obligatorisch Ihr Name, Vorname, Ihr Unternehmen, Segment, Ihre E-Mail-Adresse gespeichert<\/li>\n<li>Formular \u201eBrosch\u00fcre anfordern\u201c: Hier werden obligatorisch Ihr Name, Vorname, Ihr Unternehmen, Segment, Ihre E-Mail-Adresse gespeichert<\/li>\n<li>Formular \u201eProjekt \/ Anfrage stellen\u201c: Hier werden obligatorisch Ihr Name, Vorname, Ihr Unternehmen, Ihre E-Mail-Adresse, Telefonnummer und die technischen Projektdaten gespeichert<\/li>\n<li>Formular \u201eSpontanbewerbung\u201c: Hier werden obligatorisch Ihr Name, Vorname, Ihre E-Mail-Adresse, Telefonnummer und Ihre Nachricht gespeichert; au\u00dferdem optional zwei Anlagen: Lebenslauf, Motivationsschreiben<\/li>\n<li>Formular \u201eAntwort auf ein Stellenangebot\u201c: Hier werden obligatorisch Ihr Name, Vorname, Ihre Funktion, Ihr Land, Ihre E-Mail-Adresse und Telefonnummer gespeichert<\/li>\n<li>Formular \u201eMarktbrief\u201c: hier wird obligatorisch Ihre E-Mail-Adresse gespeichert<\/li>\n<li>Cookies: Cookies werden im Rahmen der Website-Nutzung verwendet, um bestimmte Informationen zu sammeln (vor allem Ihre IP-Adresse, Informationen \u00fcber den zur Navigation genutzten Computer, die Verbindungsart, Typ und Version des Internetbrowsers, das Betriebssystem und andere technische Kenndaten oder die URL-Adresse der Verbindungen, darunter Datum und Uhrzeit sowie aufgerufener Inhalt). Sie haben die M\u00f6glichkeit, die Cookies \u00fcber die Einstellungen Ihres Browsers zu deaktivieren. Ihre personenbezogenen Daten werden vor allem zu folgenden Zwecken genutzt: Kampf gegen Betrug, betr\u00fcgerische Nutzung, Viren und Malware; Verwaltung Ihrer Beziehung mit uns.<\/li>\n<\/ul>\n<h2>ARTIKEL 7: Haftung und H\u00f6here Gewalt<\/h2>\n<p>Die auf der Website genannten Informationsquellen gelten als zuverl\u00e4ssig. Dennoch beh\u00e4lt sich die Website die M\u00f6glichkeit vor, auf eine Garantie f\u00fcr die Zuverl\u00e4ssigkeit der Quellen zu verzichten. Die auf der Website aufgef\u00fchrten Angaben dienen ausschlie\u00dflich zu Informationszwecken. Daher tr\u00e4gt der Benutzer die alleinige Verantwortung f\u00fcr die Nutzung der Informationen und Inhalte der Website. Eine optimale Garantie f\u00fcr die Sicherheit und Vertraulichkeit der \u00fcbertragenen Daten wird von der Website nicht gegeben. Die Website verpflichtet sich jedoch, alles daf\u00fcr zu tun, die Sicherheit und Vertraulichkeit der Daten bestm\u00f6glich zu garantieren. Bei H\u00f6herer Gewalt oder unvorhersehbarem und un\u00fcberwindbarem Drittverschulden kann die Website nicht haftbar gemacht werden.<\/p>\n<h2>ARTIKEL 8: Hypertextlinks<\/h2>\n<p>Der Benutzer verzichtet daher darauf, die Website f\u00fcr den Inhalt und die Ressourcen in Zusammenhang mit auf andere Seiten verweisenden Hypertextlinks haftbar zu machen.<\/p>\n<h2>ARTIKEL 9: Vertrags\u00e4nderung<\/h2>\n<p>Die Website beh\u00e4lt sich das Recht vor, die in diesem Vertrag enthaltenen Klauseln jederzeit zu \u00e4ndern.<\/p>\n<h2>ARTIKEL 10: Laufzeit<\/h2>\n<p>Der vorliegende Vertrag hat eine unbefristete Laufzeit. Er tritt gegen\u00fcber dem Benutzer in Kraft, sobald dieser den Dienst in Anspruch nimmt.<\/p>\n<h2>ARTIKEL 11: Geltendes Recht und Gerichtsstand<\/h2>\n<p>F\u00fcr den vorliegenden Vertrag kommt das franz\u00f6sische Recht zur Anwendung. Kommt es bei einem Rechtsstreit zwischen den Parteien zu keiner g\u00fctlichen Einigung, sind einzig die Gerichte von Amiens zust\u00e4ndig.<\/p>\n","protected":false},"excerpt":{"rendered":"<p>Letzte Aktualisierung: 12. Juli 2021 ARTIKEL 1: Gegenstand Die vorliegenden \u201eAllgemeinen Nutzungsbedingungen\u201c bilden den rechtlichen Rahmen f\u00fcr die Modalit\u00e4ten der Bereitstellung der Dienstleistungen der Website www.metarom.eu und ihre Nutzung durch den \u201eBenutzer\u201c. Die allgemeinen Nutzungsbedingungen stellen einen Vertrag zwischen der Website und dem Benutzer dar. Der Zugriff auf die Website durch den Benutzer kommt seinem [&hellip;]<\/p>\n","protected":false},"author":1,"featured_media":0,"parent":0,"menu_order":13,"comment_status":"closed","ping_status":"closed","template":"","meta":{"_acf_changed":false,"content-type":"","inline_featured_image":false,"footnotes":""},"class_list":["post-1125","page","type-page","status-publish","hentry"],"acf":[],"yoast_head":"<!-- This site is optimized with the Yoast SEO plugin v27.3 - https:\/\/yoast.com\/product\/yoast-seo-wordpress\/ -->\n<title>Allgemeine Nutzungsbedingungen - Metarom<\/title>\n<meta name=\"robots\" content=\"index, follow, max-snippet:-1, max-image-preview:large, max-video-preview:-1\" \/>\n<link rel=\"canonical\" href=\"https:\/\/metarom.eu\/de\/cgu\/\" \/>\n<meta property=\"og:locale\" content=\"de_DE\" \/>\n<meta property=\"og:type\" content=\"article\" \/>\n<meta property=\"og:title\" content=\"Allgemeine Nutzungsbedingungen - Metarom\" \/>\n<meta property=\"og:description\" content=\"Letzte Aktualisierung: 12. Juli 2021 ARTIKEL 1: Gegenstand Die vorliegenden \u201eAllgemeinen Nutzungsbedingungen\u201c bilden den rechtlichen Rahmen f\u00fcr die Modalit\u00e4ten der Bereitstellung der Dienstleistungen der Website www.metarom.eu und ihre Nutzung durch den \u201eBenutzer\u201c. Die allgemeinen Nutzungsbedingungen stellen einen Vertrag zwischen der Website und dem Benutzer dar. Der Zugriff auf die Website durch den Benutzer kommt seinem [&hellip;]\" \/>\n<meta property=\"og:url\" content=\"https:\/\/metarom.eu\/de\/cgu\/\" \/>\n<meta property=\"og:site_name\" content=\"Metarom\" \/>\n<meta property=\"article:modified_time\" content=\"2021-07-27T16:03:25+00:00\" \/>\n<meta property=\"og:image\" content=\"https:\/\/metarom.eu\/wp-content\/uploads\/2021\/06\/metarom-fr.jpeg\" \/>\n\t<meta property=\"og:image:width\" content=\"1772\" \/>\n\t<meta property=\"og:image:height\" content=\"1181\" \/>\n\t<meta property=\"og:image:type\" content=\"image\/jpeg\" \/>\n<meta name=\"twitter:card\" content=\"summary_large_image\" \/>\n<meta name=\"twitter:label1\" content=\"Gesch\u00e4tzte Lesezeit\" \/>\n\t<meta name=\"twitter:data1\" content=\"5\u00a0Minuten\" \/>\n<script type=\"application\/ld+json\" class=\"yoast-schema-graph\">{\"@context\":\"https:\\\/\\\/schema.org\",\"@graph\":[{\"@type\":\"WebPage\",\"@id\":\"https:\\\/\\\/metarom.eu\\\/de\\\/cgu\\\/\",\"url\":\"https:\\\/\\\/metarom.eu\\\/de\\\/cgu\\\/\",\"name\":\"Allgemeine Nutzungsbedingungen - Metarom\",\"isPartOf\":{\"@id\":\"https:\\\/\\\/metarom.eu\\\/de\\\/#website\"},\"datePublished\":\"2021-05-07T12:56:35+00:00\",\"dateModified\":\"2021-07-27T16:03:25+00:00\",\"breadcrumb\":{\"@id\":\"https:\\\/\\\/metarom.eu\\\/de\\\/cgu\\\/#breadcrumb\"},\"inLanguage\":\"de\",\"potentialAction\":[{\"@type\":\"ReadAction\",\"target\":[\"https:\\\/\\\/metarom.eu\\\/de\\\/cgu\\\/\"]}]},{\"@type\":\"BreadcrumbList\",\"@id\":\"https:\\\/\\\/metarom.eu\\\/de\\\/cgu\\\/#breadcrumb\",\"itemListElement\":[{\"@type\":\"ListItem\",\"position\":1,\"name\":\"Accueil\",\"item\":\"https:\\\/\\\/metarom.eu\\\/de\\\/\"},{\"@type\":\"ListItem\",\"position\":2,\"name\":\"Allgemeine Nutzungsbedingungen\"}]},{\"@type\":\"WebSite\",\"@id\":\"https:\\\/\\\/metarom.eu\\\/de\\\/#website\",\"url\":\"https:\\\/\\\/metarom.eu\\\/de\\\/\",\"name\":\"Metarom\",\"description\":\"Ar\u00f4mes et caramels\",\"publisher\":{\"@id\":\"https:\\\/\\\/metarom.eu\\\/de\\\/#organization\"},\"potentialAction\":[{\"@type\":\"SearchAction\",\"target\":{\"@type\":\"EntryPoint\",\"urlTemplate\":\"https:\\\/\\\/metarom.eu\\\/de\\\/?s={search_term_string}\"},\"query-input\":{\"@type\":\"PropertyValueSpecification\",\"valueRequired\":true,\"valueName\":\"search_term_string\"}}],\"inLanguage\":\"de\"},{\"@type\":\"Organization\",\"@id\":\"https:\\\/\\\/metarom.eu\\\/de\\\/#organization\",\"name\":\"Metarom\",\"url\":\"https:\\\/\\\/metarom.eu\\\/de\\\/\",\"logo\":{\"@type\":\"ImageObject\",\"inLanguage\":\"de\",\"@id\":\"https:\\\/\\\/metarom.eu\\\/de\\\/#\\\/schema\\\/logo\\\/image\\\/\",\"url\":\"https:\\\/\\\/metarom.eu\\\/wp-content\\\/uploads\\\/2021\\\/06\\\/metarom-fr.jpeg\",\"contentUrl\":\"https:\\\/\\\/metarom.eu\\\/wp-content\\\/uploads\\\/2021\\\/06\\\/metarom-fr.jpeg\",\"width\":1772,\"height\":1181,\"caption\":\"Metarom\"},\"image\":{\"@id\":\"https:\\\/\\\/metarom.eu\\\/de\\\/#\\\/schema\\\/logo\\\/image\\\/\"},\"sameAs\":[\"https:\\\/\\\/fr.linkedin.com\\\/company\\\/metarom-france\"]}]}<\/script>\n<!-- \/ Yoast SEO plugin. -->","yoast_head_json":{"title":"Allgemeine Nutzungsbedingungen - Metarom","robots":{"index":"index","follow":"follow","max-snippet":"max-snippet:-1","max-image-preview":"max-image-preview:large","max-video-preview":"max-video-preview:-1"},"canonical":"https:\/\/metarom.eu\/de\/cgu\/","og_locale":"de_DE","og_type":"article","og_title":"Allgemeine Nutzungsbedingungen - Metarom","og_description":"Letzte Aktualisierung: 12. Juli 2021 ARTIKEL 1: Gegenstand Die vorliegenden \u201eAllgemeinen Nutzungsbedingungen\u201c bilden den rechtlichen Rahmen f\u00fcr die Modalit\u00e4ten der Bereitstellung der Dienstleistungen der Website www.metarom.eu und ihre Nutzung durch den \u201eBenutzer\u201c. Die allgemeinen Nutzungsbedingungen stellen einen Vertrag zwischen der Website und dem Benutzer dar. Der Zugriff auf die Website durch den Benutzer kommt seinem [&hellip;]","og_url":"https:\/\/metarom.eu\/de\/cgu\/","og_site_name":"Metarom","article_modified_time":"2021-07-27T16:03:25+00:00","og_image":[{"width":1772,"height":1181,"url":"https:\/\/metarom.eu\/wp-content\/uploads\/2021\/06\/metarom-fr.jpeg","type":"image\/jpeg"}],"twitter_card":"summary_large_image","twitter_misc":{"Gesch\u00e4tzte Lesezeit":"5\u00a0Minuten"},"schema":{"@context":"https:\/\/schema.org","@graph":[{"@type":"WebPage","@id":"https:\/\/metarom.eu\/de\/cgu\/","url":"https:\/\/metarom.eu\/de\/cgu\/","name":"Allgemeine Nutzungsbedingungen - Metarom","isPartOf":{"@id":"https:\/\/metarom.eu\/de\/#website"},"datePublished":"2021-05-07T12:56:35+00:00","dateModified":"2021-07-27T16:03:25+00:00","breadcrumb":{"@id":"https:\/\/metarom.eu\/de\/cgu\/#breadcrumb"},"inLanguage":"de","potentialAction":[{"@type":"ReadAction","target":["https:\/\/metarom.eu\/de\/cgu\/"]}]},{"@type":"BreadcrumbList","@id":"https:\/\/metarom.eu\/de\/cgu\/#breadcrumb","itemListElement":[{"@type":"ListItem","position":1,"name":"Accueil","item":"https:\/\/metarom.eu\/de\/"},{"@type":"ListItem","position":2,"name":"Allgemeine Nutzungsbedingungen"}]},{"@type":"WebSite","@id":"https:\/\/metarom.eu\/de\/#website","url":"https:\/\/metarom.eu\/de\/","name":"Metarom","description":"Ar\u00f4mes et caramels","publisher":{"@id":"https:\/\/metarom.eu\/de\/#organization"},"potentialAction":[{"@type":"SearchAction","target":{"@type":"EntryPoint","urlTemplate":"https:\/\/metarom.eu\/de\/?s={search_term_string}"},"query-input":{"@type":"PropertyValueSpecification","valueRequired":true,"valueName":"search_term_string"}}],"inLanguage":"de"},{"@type":"Organization","@id":"https:\/\/metarom.eu\/de\/#organization","name":"Metarom","url":"https:\/\/metarom.eu\/de\/","logo":{"@type":"ImageObject","inLanguage":"de","@id":"https:\/\/metarom.eu\/de\/#\/schema\/logo\/image\/","url":"https:\/\/metarom.eu\/wp-content\/uploads\/2021\/06\/metarom-fr.jpeg","contentUrl":"https:\/\/metarom.eu\/wp-content\/uploads\/2021\/06\/metarom-fr.jpeg","width":1772,"height":1181,"caption":"Metarom"},"image":{"@id":"https:\/\/metarom.eu\/de\/#\/schema\/logo\/image\/"},"sameAs":["https:\/\/fr.linkedin.com\/company\/metarom-france"]}]}},"_links":{"self":[{"href":"https:\/\/metarom.eu\/de\/wp-json\/wp\/v2\/pages\/1125","targetHints":{"allow":["GET"]}}],"collection":[{"href":"https:\/\/metarom.eu\/de\/wp-json\/wp\/v2\/pages"}],"about":[{"href":"https:\/\/metarom.eu\/de\/wp-json\/wp\/v2\/types\/page"}],"author":[{"embeddable":true,"href":"https:\/\/metarom.eu\/de\/wp-json\/wp\/v2\/users\/1"}],"replies":[{"embeddable":true,"href":"https:\/\/metarom.eu\/de\/wp-json\/wp\/v2\/comments?post=1125"}],"version-history":[{"count":6,"href":"https:\/\/metarom.eu\/de\/wp-json\/wp\/v2\/pages\/1125\/revisions"}],"predecessor-version":[{"id":2053,"href":"https:\/\/metarom.eu\/de\/wp-json\/wp\/v2\/pages\/1125\/revisions\/2053"}],"wp:attachment":[{"href":"https:\/\/metarom.eu\/de\/wp-json\/wp\/v2\/media?parent=1125"}],"curies":[{"name":"wp","href":"https:\/\/api.w.org\/{rel}","templated":true}]}}